{"id":883,"date":"2021-01-17T20:31:31","date_gmt":"2021-01-17T19:31:31","guid":{"rendered":"http:\/\/www.sundsvallfisk.se\/?page_id=883"},"modified":"2022-03-27T17:29:59","modified_gmt":"2022-03-27T15:29:59","slug":"fiskbilen","status":"publish","type":"page","link":"http:\/\/www.sundsvallfisk.se\/index.php\/fiskbilen\/","title":{"rendered":"Fiskbilen!"},"content":{"rendered":"<p style=\"text-align: center;\"><span style=\"color: #3366ff;\">&nbsp; &nbsp; &nbsp; &nbsp; &nbsp; &nbsp; &nbsp; &nbsp; &nbsp; &nbsp; <span style=\"color: #000000;\">&nbsp;<strong>H\u00e4r kan du klicka dig fram och&nbsp; l\u00e4sa mer om hur du g\u00f6r f\u00f6r att best\u00e4lla&nbsp; fisk.&nbsp; &nbsp; &nbsp; &nbsp; &nbsp; &nbsp; &nbsp; &nbsp; &nbsp; &nbsp; &nbsp; &nbsp; &nbsp; &nbsp; &nbsp; &nbsp; &nbsp;F\u00e5 den levererad med v\u00e5r Fiskbil och trevliga chauff\u00f6r!<\/strong>&nbsp; &nbsp; &nbsp; &nbsp; &nbsp; &nbsp;<\/span><\/span><\/p>\n<p><span style=\"font-size: inherit;\">&nbsp; &nbsp; &nbsp; &nbsp; &nbsp; &nbsp; &nbsp; &nbsp; &nbsp; &nbsp; &nbsp; &nbsp; &nbsp; &nbsp; &nbsp; &nbsp; &nbsp; &nbsp; &nbsp; &nbsp; &nbsp; &nbsp; &nbsp; &nbsp; &nbsp; &nbsp; &nbsp; &nbsp; &nbsp; &nbsp; &nbsp; &nbsp; &nbsp; &nbsp; &nbsp; &nbsp; &nbsp; &nbsp; &nbsp; &nbsp; &nbsp; &nbsp; &nbsp; &nbsp; &nbsp; &nbsp; &nbsp; &nbsp; &nbsp; &nbsp; &nbsp; &nbsp; &nbsp; &nbsp; &nbsp; &nbsp; &nbsp;<\/span><br>&nbsp; &nbsp; &nbsp; &nbsp; &nbsp; &nbsp; &nbsp; &nbsp;&nbsp; &nbsp;&nbsp; &nbsp;&nbsp; &nbsp;&nbsp; &nbsp;&nbsp;<a href=\"http:\/\/www.sundsvallfisk.se\/wp-content\/uploads\/2021\/01\/Lank-till-din-Fiskhandlare.pdf\" target=\"_blank\" rel=\"noopener noreferrer\"><img loading=\"lazy\" class=\"alignnone wp-image-903\" src=\"http:\/\/www.sundsvallfisk.se\/wp-content\/uploads\/2021\/01\/din-ratta-fiskhandlare-209x300.jpg\" alt=\"\" width=\"92\" height=\"132\"><\/a>&nbsp; &nbsp; &nbsp; &nbsp; &nbsp; &nbsp; &nbsp; &nbsp; &nbsp; &nbsp; &nbsp; &nbsp; &nbsp; &nbsp; &nbsp; &nbsp; &nbsp; &nbsp; &nbsp;<a href=\"http:\/\/www.sundsvallfisk.se\/wp-content\/uploads\/2021\/01\/Lank-Har-stannar-vi.pdf\"><img loading=\"lazy\" class=\"alignnone wp-image-884\" src=\"http:\/\/www.sundsvallfisk.se\/wp-content\/uploads\/2021\/01\/Har-stannar-vi-221x300.jpeg\" alt=\"\" width=\"96\" height=\"130\"><\/a>&nbsp; &nbsp; &nbsp; &nbsp; &nbsp; &nbsp; &nbsp; &nbsp; &nbsp; &nbsp; &nbsp; &nbsp; &nbsp; &nbsp; &nbsp; &nbsp; &nbsp; &nbsp;&nbsp; &nbsp; <a href=\"http:\/\/www.sundsvallfisk.se\/wp-content\/uploads\/2021\/01\/Lank-till-bild-meny.pdf\"><img loading=\"lazy\" class=\"alignnone wp-image-892\" src=\"http:\/\/www.sundsvallfisk.se\/wp-content\/uploads\/2021\/01\/meny-221x300.jpeg\" alt=\"\" width=\"97\" height=\"131\"><\/a>&nbsp; &nbsp; &nbsp; &nbsp; &nbsp; &nbsp; &nbsp; &nbsp; &nbsp; &nbsp; &nbsp; &nbsp; &nbsp; &nbsp; &nbsp; &nbsp; &nbsp; &nbsp; &nbsp; &nbsp;<\/p>\n\n\n<p><\/p>\n\n\n\n<p><\/p>\n\n\n\n<p><\/p>\n\n\n\n<p class=\"has-medium-font-size\">         <strong><span class=\"has-inline-color has-black-color\">Sortiments lista f\u00f6r Fiskbilen<\/span><\/strong>:        <span class=\"has-inline-color has-vivid-cyan-blue-color\">       <a href=\"http:\/\/www.sundsvallfisk.se\/wp-content\/uploads\/2022\/03\/Sortmentslista-Mars-2022.pdf\" data-type=\"URL\" data-id=\"http:\/\/www.sundsvallfisk.se\/wp-content\/uploads\/2022\/03\/Sortmentslista-Mars-2022.pdf\">http:\/\/Fiskbilen <\/a><\/span><strong>2022<\/strong><\/p>\n","protected":false},"excerpt":{"rendered":"<p>&nbsp; &nbsp; &nbsp; &nbsp; &nbsp; &nbsp; &nbsp; &nbsp; &nbsp; &nbsp; &nbsp;H\u00e4r kan du klicka dig fram och&nbsp; l\u00e4sa mer om hur du g\u00f6r f\u00f6r att best\u00e4lla&nbsp; fisk.&nbsp; &nbsp; &nbsp; &nbsp; &nbsp; &nbsp; &nbsp; &nbsp; &nbsp; &nbsp; &nbsp; &nbsp; &nbsp; &nbsp; &nbsp; &nbsp; &nbsp;F\u00e5 den levererad med v\u00e5r Fiskbil och trevliga chauff\u00f6r!&nbsp; &nbsp; &nbsp; &nbsp; &nbsp; &hellip; <\/p>\n<p class=\"link-more\"><a href=\"http:\/\/www.sundsvallfisk.se\/index.php\/fiskbilen\/\" class=\"more-link\">Forts\u00e4tt l\u00e4sa<span class=\"screen-reader-text\"> &#8221;Fiskbilen!&#8221;<\/span><\/a><\/p>\n","protected":false},"author":1,"featured_media":0,"parent":0,"menu_order":0,"comment_status":"closed","ping_status":"closed","template":"","meta":[],"_links":{"self":[{"href":"http:\/\/www.sundsvallfisk.se\/index.php\/wp-json\/wp\/v2\/pages\/883"}],"collection":[{"href":"http:\/\/www.sundsvallfisk.se\/index.php\/wp-json\/wp\/v2\/pages"}],"about":[{"href":"http:\/\/www.sundsvallfisk.se\/index.php\/wp-json\/wp\/v2\/types\/page"}],"author":[{"embeddable":true,"href":"http:\/\/www.sundsvallfisk.se\/index.php\/wp-json\/wp\/v2\/users\/1"}],"replies":[{"embeddable":true,"href":"http:\/\/www.sundsvallfisk.se\/index.php\/wp-json\/wp\/v2\/comments?post=883"}],"version-history":[{"count":11,"href":"http:\/\/www.sundsvallfisk.se\/index.php\/wp-json\/wp\/v2\/pages\/883\/revisions"}],"predecessor-version":[{"id":1023,"href":"http:\/\/www.sundsvallfisk.se\/index.php\/wp-json\/wp\/v2\/pages\/883\/revisions\/1023"}],"wp:attachment":[{"href":"http:\/\/www.sundsvallfisk.se\/index.php\/wp-json\/wp\/v2\/media?parent=883"}],"curies":[{"name":"wp","href":"https:\/\/api.w.org\/{rel}","templated":true}]}}